{"id":2,"date":"2012-04-18T10:19:58","date_gmt":"2012-04-18T10:19:58","guid":{"rendered":"http:\/\/web.ismt.pt\/wp\/oimtnews\/?page_id=2"},"modified":"2012-04-20T09:36:07","modified_gmt":"2012-04-20T09:36:07","slug":"sample-page","status":"publish","type":"page","link":"https:\/\/oimt.ismt.pt\/?page_id=2","title":{"rendered":"Miss\u00e3o"},"content":{"rendered":"<p>O Observat\u00f3rio de Inser\u00e7\u00e3o no Mercado de Trabalho (OIMT) \u00e9 uma unidade org\u00e2nica do ISMT que visa recolher informa\u00e7\u00e3o fidedigna sobre os percursos profissionais dos seus diplomados e em particular das taxas de empregabilidade de cada licenciatura.<br \/>\nO OIMT integra uma Unidade de Inser\u00e7\u00e3o na Vida Ativa que \u00e9 o n\u00facleo operacional para apoiar os diplomados a ultrapassar as dificuldades na transi\u00e7\u00e3o do contexto acad\u00e9mico para a realidade laboral. O OIMT tem como objectivo fornecer servi\u00e7os de orienta\u00e7\u00e3o profissional personalizada, informa\u00e7\u00e3o, coloca\u00e7\u00e3o, organiza\u00e7\u00e3o de candidaturas a est\u00e1gios, forma\u00e7\u00e3o profissional e outras formas de contacto com o mercado de trabalho, designadamente est\u00e1gios no estrangeiro.<\/p>\n<div><\/div>\n","protected":false},"excerpt":{"rendered":"<p>O Observat\u00f3rio de Inser\u00e7\u00e3o no Mercado de Trabalho (OIMT) \u00e9 uma unidade org\u00e2nica do ISMT que visa recolher informa\u00e7\u00e3o fidedigna sobre os percursos profissionais dos seus diplomados e em particular das taxas de empregabilidade de cada licenciatura. O OIMT integra &hellip; <a href=\"https:\/\/oimt.ismt.pt\/?page_id=2\">Continuar a ler <span class=\"meta-nav\">&rarr;<\/span><\/a><\/p>\n","protected":false},"author":1,"featured_media":0,"parent":0,"menu_order":1,"comment_status":"open","ping_status":"open","template":"","meta":{"footnotes":""},"_links":{"self":[{"href":"https:\/\/oimt.ismt.pt\/index.php?rest_route=\/wp\/v2\/pages\/2"}],"collection":[{"href":"https:\/\/oimt.ismt.pt\/index.php?rest_route=\/wp\/v2\/pages"}],"about":[{"href":"https:\/\/oimt.ismt.pt\/index.php?rest_route=\/wp\/v2\/types\/page"}],"author":[{"embeddable":true,"href":"https:\/\/oimt.ismt.pt\/index.php?rest_route=\/wp\/v2\/users\/1"}],"replies":[{"embeddable":true,"href":"https:\/\/oimt.ismt.pt\/index.php?rest_route=%2Fwp%2Fv2%2Fcomments&post=2"}],"version-history":[{"count":3,"href":"https:\/\/oimt.ismt.pt\/index.php?rest_route=\/wp\/v2\/pages\/2\/revisions"}],"predecessor-version":[{"id":13,"href":"https:\/\/oimt.ismt.pt\/index.php?rest_route=\/wp\/v2\/pages\/2\/revisions\/13"}],"wp:attachment":[{"href":"https:\/\/oimt.ismt.pt\/index.php?rest_route=%2Fwp%2Fv2%2Fmedia&parent=2"}],"curies":[{"name":"wp","href":"https:\/\/api.w.org\/{rel}","templated":true}]}}