{"id":10,"date":"2012-04-20T09:35:49","date_gmt":"2012-04-20T09:35:49","guid":{"rendered":"http:\/\/web.ismt.pt\/wp\/oimtnews\/?page_id=10"},"modified":"2014-09-24T12:52:51","modified_gmt":"2014-09-24T12:52:51","slug":"contactos","status":"publish","type":"page","link":"https:\/\/oimt.ismt.pt\/?page_id=10","title":{"rendered":"Contactos"},"content":{"rendered":"<p><strong>Observat\u00f3rio de Inser\u00e7\u00e3o no Mercado de Trabalho<\/strong><br \/>\nTel: (+351) 239 488 030<br \/>\n<a href=\"mailto:ismt@ismt.pt\">oimt@ismt.pt<\/a><\/p>\n","protected":false},"excerpt":{"rendered":"<p>Observat\u00f3rio de Inser\u00e7\u00e3o no Mercado de Trabalho Tel: (+351) 239 488 030 oimt@ismt.pt<\/p>\n","protected":false},"author":1,"featured_media":0,"parent":0,"menu_order":3,"comment_status":"open","ping_status":"open","template":"","meta":{"footnotes":""},"_links":{"self":[{"href":"https:\/\/oimt.ismt.pt\/index.php?rest_route=\/wp\/v2\/pages\/10"}],"collection":[{"href":"https:\/\/oimt.ismt.pt\/index.php?rest_route=\/wp\/v2\/pages"}],"about":[{"href":"https:\/\/oimt.ismt.pt\/index.php?rest_route=\/wp\/v2\/types\/page"}],"author":[{"embeddable":true,"href":"https:\/\/oimt.ismt.pt\/index.php?rest_route=\/wp\/v2\/users\/1"}],"replies":[{"embeddable":true,"href":"https:\/\/oimt.ismt.pt\/index.php?rest_route=%2Fwp%2Fv2%2Fcomments&post=10"}],"version-history":[{"count":5,"href":"https:\/\/oimt.ismt.pt\/index.php?rest_route=\/wp\/v2\/pages\/10\/revisions"}],"predecessor-version":[{"id":3641,"href":"https:\/\/oimt.ismt.pt\/index.php?rest_route=\/wp\/v2\/pages\/10\/revisions\/3641"}],"wp:attachment":[{"href":"https:\/\/oimt.ismt.pt\/index.php?rest_route=%2Fwp%2Fv2%2Fmedia&parent=10"}],"curies":[{"name":"wp","href":"https:\/\/api.w.org\/{rel}","templated":true}]}}